{"id":96,"date":"2017-04-07T15:55:35","date_gmt":"2017-04-07T13:55:35","guid":{"rendered":"http:\/\/ruf-engineering.at\/?page_id=96"},"modified":"2017-04-22T07:23:57","modified_gmt":"2017-04-22T05:23:57","slug":"programmierung5","status":"publish","type":"page","link":"https:\/\/ruf-engineering.at\/?page_id=96","title":{"rendered":"Programmierung"},"content":{"rendered":"<p><strong>Programmierung \\ Visualisierung \\ Individuelle Heiz.- u. K\u00fchlungssysteme<\/strong><\/p>\n<p><em>It always seems impossible until it is done.<br \/>\n<\/em>Nelson Mandela<\/p>\n<p><strong>\u00a0Programmierung <\/strong><\/p>\n<p>[lat.] pr\u00f3gramma: \u201e\u00d6ffentliche und schriftlich bekannt gemachte Nachricht, Befehl\u201c<\/p>\n<p>In dieser Projektphase wird die Anlage nun zum Leben erweckt. Der Vorteil, als Programmierer bei der Anlagenplanung involviert gewesen zu sein, kommt in dieser Projektphase besonders zum Tragen. Die Hardwarekonfiguration wurde bestm\u00f6glich bestimmt und kann so inklusive der ASCII Daten in das Programm \u00fcbernommen werden.<\/p>\n<p>&nbsp;<\/p>\n<p><strong>Visualisierung \u2013 HMI <\/strong>(human-machine interface)<\/p>\n<p>Durch ein gut geplantes Visualisierungssystem kann die Anlage bestm\u00f6glich bedient und \u00fcberwacht werden. Einer der Hauptvorteile der Anlagenvisualisierung ist, die Anlage kosteng\u00fcnstig individuell darstellen zu k\u00f6nnen.<br \/>\nBenutzerverwaltung, Rezepturverwaltung, Logfiles in CSV, Fern\u00fcberwachung, \u2026 sind nur ein paar Stichworte.<\/p>\n<p>&nbsp;<\/p>\n<p><strong>Individuelle Heiz.- u. K\u00fchlungssysteme<\/strong><\/p>\n<p><strong>RuF engineering bietet als regionaler Partner individuelle L\u00f6sungen im Bereich Heiz und K\u00fchltechnik.<\/strong><\/p>\n<p>Die Steuerung TA UVR 16&#215;2 regelt hydraulische Anlagen einfach und kostensparend. Mit dem CMI Erweiterungsmodul kann die Anlage \u00fcber Tablet und Smartphone als free App visualisiert werden.<\/p>\n<p><a href=\"https:\/\/ruf-engineering.at\/wp-content\/uploads\/2017\/04\/DSC_0280-e1491578140451.jpg\"><img loading=\"lazy\" decoding=\"async\" class=\"wp-image-132 size-medium\" src=\"https:\/\/ruf-engineering.at\/wp-content\/uploads\/2017\/04\/DSC_0280-300x199.jpg\" alt=\"\" width=\"300\" height=\"199\" \/><\/a><\/p>\n<p style=\"text-align: left;\">Steuern Sie Ihr Heizungssystem bequem vom Fr\u00fchst\u00fcckstisch aus.<\/p>\n<p>&nbsp;<\/p>\n<p>Neuanlage, oder \u201ehistorisch gewachsene\u201c Anlagen.<br \/>\nErst durch den Einsatz von frei programmierbaren Steuerungen wird aus Modular Systemen eine Gesamtanlage.<\/p>\n<p>&nbsp;<\/p>\n","protected":false},"excerpt":{"rendered":"<p>Programmierung \\ Visualisierung \\ Individuelle Heiz.- u. K\u00fchlungssysteme It always seems impossible until it is done. Nelson Mandela \u00a0Programmierung [lat.] pr\u00f3gramma: \u201e\u00d6ffentliche und schriftlich bekannt gemachte Nachricht, Befehl\u201c In dieser Projektphase wird die Anlage nun zum Leben erweckt. Der Vorteil, als Programmierer bei der Anlagenplanung involviert gewesen zu sein, kommt in dieser Projektphase besonders zum &hellip; <\/p>\n<p class=\"link-more\"><a href=\"https:\/\/ruf-engineering.at\/?page_id=96\" class=\"more-link\"><span class=\"screen-reader-text\">\u201eProgrammierung\u201c <\/span>weiterlesen<\/a><\/p>\n","protected":false},"author":5,"featured_media":0,"parent":0,"menu_order":5,"comment_status":"closed","ping_status":"closed","template":"","meta":{"footnotes":""},"class_list":["post-96","page","type-page","status-publish","hentry"],"_links":{"self":[{"href":"https:\/\/ruf-engineering.at\/index.php?rest_route=\/wp\/v2\/pages\/96","targetHints":{"allow":["GET"]}}],"collection":[{"href":"https:\/\/ruf-engineering.at\/index.php?rest_route=\/wp\/v2\/pages"}],"about":[{"href":"https:\/\/ruf-engineering.at\/index.php?rest_route=\/wp\/v2\/types\/page"}],"author":[{"embeddable":true,"href":"https:\/\/ruf-engineering.at\/index.php?rest_route=\/wp\/v2\/users\/5"}],"replies":[{"embeddable":true,"href":"https:\/\/ruf-engineering.at\/index.php?rest_route=%2Fwp%2Fv2%2Fcomments&post=96"}],"version-history":[{"count":14,"href":"https:\/\/ruf-engineering.at\/index.php?rest_route=\/wp\/v2\/pages\/96\/revisions"}],"predecessor-version":[{"id":146,"href":"https:\/\/ruf-engineering.at\/index.php?rest_route=\/wp\/v2\/pages\/96\/revisions\/146"}],"wp:attachment":[{"href":"https:\/\/ruf-engineering.at\/index.php?rest_route=%2Fwp%2Fv2%2Fmedia&parent=96"}],"curies":[{"name":"wp","href":"https:\/\/api.w.org\/{rel}","templated":true}]}}