{"id":94,"date":"2017-04-07T15:54:22","date_gmt":"2017-04-07T13:54:22","guid":{"rendered":"http:\/\/ruf-engineering.at\/?page_id=94"},"modified":"2017-04-07T17:08:50","modified_gmt":"2017-04-07T15:08:50","slug":"attestierung","status":"publish","type":"page","link":"https:\/\/ruf-engineering.at\/?page_id=94","title":{"rendered":"Attestierung"},"content":{"rendered":"<p><strong>Anlagen\u00fcberpr\u00fcfung \\ Bauteilpr\u00fcfung<\/strong><\/p>\n<p><strong>Rechtsvorschrift aus dem Elektrotechnikgesetz, 1992:<\/strong><\/p>\n<ul>\n<li>1: Elektrische Betriebsmittel im Sinne dieses Bundesgesetzes sind Gegenst\u00e4nde, die als Ganzes oder in einzelnen Teilen zur Gewinnung, Fortleitung oder zum Gebrauch elektrischer Energie bestimmt sind.<\/li>\n<\/ul>\n<p>Um die Sicherheit der elektrischen Betriebsmittel zu gew\u00e4hrleisten schreibt uns der Gesetzgeber eine Vielzahl an elektrischen Pr\u00fcfungen in einem Pool an Normen, Vorschriften und Richtlinien vor.<br \/>\nDoch was muss gepr\u00fcft werden? Nach welcher Norm? Wann und in welchem Intervall? Entspricht meine Anlage den Normen?<br \/>\nWas ist der Bestandsschutz? Was ist ein Anlagenbuch?<\/p>\n<p><strong>RuF engineering versteht sich hier als kompetenter Partner im Bereich der Anlagen- und Bauteile-Pr\u00fcfung<\/strong><\/p>\n<p><strong><img loading=\"lazy\" decoding=\"async\" class=\"alignnone size-full wp-image-129\" src=\"https:\/\/ruf-engineering.at\/wp-content\/uploads\/2017\/04\/fluke.jpeg\" alt=\"\" width=\"273\" height=\"185\" \/>\u00a0<\/strong><\/p>\n<p><strong>Anlagenpr\u00fcfung nach \u00d6VE 8001-Teil 6<\/strong><\/p>\n<ul>\n<li><strong>7 Nachweis der Erf\u00fcllung der Sicherheitsanforderungen<\/strong><\/li>\n<\/ul>\n<p>Jede elektrische Anlage muss je nach Zweckm\u00e4\u00dfigkeit w\u00e4hrend der Errichtung und\/oder bei Fertigstellung, bevor sie in bestimmungsgem\u00e4\u00dfen Betrieb genommen wird, gepr\u00fcft werden, um nachzuweisen, dass die Anforderungen der jeweils zutreffenden technischen Bestimmungen erf\u00fcllt sind.<\/p>\n<p>\u00d6VE 8001-6-61<strong> Erstpr\u00fcfung<\/strong><\/p>\n<p>\u00d6VE 8001-6-62<strong> Wiederkehrende und au\u00dferordentliche Pr\u00fcfung<\/strong><\/p>\n<p>\u00d6VE 8001-6-63<strong> Anlagenbuch und Pr\u00fcfbefund<\/strong><\/p>\n<p><strong>\u00a0Bauteilpr\u00fcfung nach \u00d6VE 8701<\/strong><\/p>\n","protected":false},"excerpt":{"rendered":"<p>Anlagen\u00fcberpr\u00fcfung \\ Bauteilpr\u00fcfung Rechtsvorschrift aus dem Elektrotechnikgesetz, 1992: 1: Elektrische Betriebsmittel im Sinne dieses Bundesgesetzes sind Gegenst\u00e4nde, die als Ganzes oder in einzelnen Teilen zur Gewinnung, Fortleitung oder zum Gebrauch elektrischer Energie bestimmt sind. Um die Sicherheit der elektrischen Betriebsmittel zu gew\u00e4hrleisten schreibt uns der Gesetzgeber eine Vielzahl an elektrischen Pr\u00fcfungen in einem Pool an &hellip; <\/p>\n<p class=\"link-more\"><a href=\"https:\/\/ruf-engineering.at\/?page_id=94\" class=\"more-link\"><span class=\"screen-reader-text\">\u201eAttestierung\u201c <\/span>weiterlesen<\/a><\/p>\n","protected":false},"author":5,"featured_media":0,"parent":0,"menu_order":3,"comment_status":"closed","ping_status":"closed","template":"","meta":{"footnotes":""},"class_list":["post-94","page","type-page","status-publish","hentry"],"_links":{"self":[{"href":"https:\/\/ruf-engineering.at\/index.php?rest_route=\/wp\/v2\/pages\/94","targetHints":{"allow":["GET"]}}],"collection":[{"href":"https:\/\/ruf-engineering.at\/index.php?rest_route=\/wp\/v2\/pages"}],"about":[{"href":"https:\/\/ruf-engineering.at\/index.php?rest_route=\/wp\/v2\/types\/page"}],"author":[{"embeddable":true,"href":"https:\/\/ruf-engineering.at\/index.php?rest_route=\/wp\/v2\/users\/5"}],"replies":[{"embeddable":true,"href":"https:\/\/ruf-engineering.at\/index.php?rest_route=%2Fwp%2Fv2%2Fcomments&post=94"}],"version-history":[{"count":2,"href":"https:\/\/ruf-engineering.at\/index.php?rest_route=\/wp\/v2\/pages\/94\/revisions"}],"predecessor-version":[{"id":130,"href":"https:\/\/ruf-engineering.at\/index.php?rest_route=\/wp\/v2\/pages\/94\/revisions\/130"}],"wp:attachment":[{"href":"https:\/\/ruf-engineering.at\/index.php?rest_route=%2Fwp%2Fv2%2Fmedia&parent=94"}],"curies":[{"name":"wp","href":"https:\/\/api.w.org\/{rel}","templated":true}]}}