{"id":92,"date":"2017-04-07T15:53:25","date_gmt":"2017-04-07T13:53:25","guid":{"rendered":"http:\/\/ruf-engineering.at\/?page_id=92"},"modified":"2017-04-07T17:07:41","modified_gmt":"2017-04-07T15:07:41","slug":"e-planung","status":"publish","type":"page","link":"https:\/\/ruf-engineering.at\/","title":{"rendered":"E-Planung"},"content":{"rendered":"<p><strong>Planung \\ Kalkulation \\ Fertigung<\/strong><\/p>\n<p><em>Planung beschreibt die menschliche F\u00e4higkeit zur gedanklichen Vorwegnahme von Handlungsschritten, die zur Erreichung eines Zieles notwendig scheinen.<br \/>\n<\/em>Der Zweck von Planung besteht darin, \u00fcber eine realistische und kommerzielle Vorgehensweise zu verf\u00fcgen, um ein Ziel auf m\u00f6glichst direktem Weg erreichen zu k\u00f6nnen. Dazu ist es von Vorteil, die Elektro-Planung sehr fr\u00fch in die Anlagenplanung mit einzubeziehen.<br \/>\nDie Kombination von Programmier-und Hardwarewissen erm\u00f6glicht mir, die Hardwarekonfiguration hinsichtlich der Programmanforderung zu bestimmen, was wiederum einen wirtschaftlichen Nutzen f\u00fcr den Kunden darstellt.<\/p>\n<p><img loading=\"lazy\" decoding=\"async\" class=\"alignnone size-medium wp-image-80\" src=\"https:\/\/ruf-engineering.at\/wp-content\/uploads\/2017\/04\/e_planung_4-300x212.png\" alt=\"\" width=\"300\" height=\"212\" srcset=\"https:\/\/ruf-engineering.at\/wp-content\/uploads\/2017\/04\/e_planung_4-300x212.png 300w, https:\/\/ruf-engineering.at\/wp-content\/uploads\/2017\/04\/e_planung_4-768x543.png 768w, https:\/\/ruf-engineering.at\/wp-content\/uploads\/2017\/04\/e_planung_4-1024x724.png 1024w\" sizes=\"auto, (max-width: 300px) 100vw, 300px\" \/><\/p>\n<p><strong>Planung und Projektierung von Niederspannungs-Schaltanlagen nach EN 61439<\/strong><\/p>\n<p>EN (IEC) 61439-0 \u00a0\u00a0\u00a0\u00a0\u00a0\u00a0\u00a0\u00a0\u00a0\u00a0\u00a0\u00a0 Planungsleitfaden f\u00fcr die Spezifikation von Schaltger\u00e4tekombinationen<\/p>\n<p>EN (IEC) 61439-1 \u00a0\u00a0\u00a0\u00a0\u00a0\u00a0\u00a0\u00a0\u00a0\u00a0\u00a0\u00a0 Allgemeine Anforderungen g\u00fcltig f\u00fcr Schaltanlagen, Energieverteiler und Steuer- und Schaltschr\u00e4nke<\/p>\n<p>EN (IEC) 61439-2 \u00a0\u00a0\u00a0\u00a0\u00a0\u00a0\u00a0\u00a0\u00a0\u00a0\u00a0\u00a0 <strong>Energie- Schaltger\u00e4te Kombination<\/strong><\/p>\n<p>EN (IEC) 61439-3 \u00a0\u00a0\u00a0\u00a0\u00a0\u00a0\u00a0\u00a0\u00a0\u00a0\u00a0\u00a0 <strong>Installationsverteiler<\/strong><\/p>\n<p><strong>Kalkulation der geplanten Anlage<\/strong><\/p>\n<p>Mehrj\u00e4hrige Berufserfahrung im Bereich Projektmanagement haben gezeigt, dass die Elektrotechnik im gesamten Anlagenprojekt meist vernachl\u00e4ssigt wird. Um nicht erst nach der Fertigung der Anlagen in Budgetkonflikt zu geraten, kann ich auf Wunsch auch schon fr\u00fchzeitig eine Kostenaufstellung anbieten.<br \/>\nDas Ziel: <em>Kosten-Wissen als Voraussetzung zum Kosten-sparen<\/em><\/p>\n<p><strong>Fertigung der Anlage<br \/>\n<\/strong>Die Hands-on Mentalit\u00e4t der Fa. <strong>RuF engineering<\/strong> beschreibt sich gerne auch durch die Fertigung des Schaltschrankes.<\/p>\n","protected":false},"excerpt":{"rendered":"<p>Planung \\ Kalkulation \\ Fertigung Planung beschreibt die menschliche F\u00e4higkeit zur gedanklichen Vorwegnahme von Handlungsschritten, die zur Erreichung eines Zieles notwendig scheinen. Der Zweck von Planung besteht darin, \u00fcber eine realistische und kommerzielle Vorgehensweise zu verf\u00fcgen, um ein Ziel auf m\u00f6glichst direktem Weg erreichen zu k\u00f6nnen. Dazu ist es von Vorteil, die Elektro-Planung sehr fr\u00fch &hellip; <\/p>\n<p class=\"link-more\"><a href=\"https:\/\/ruf-engineering.at\/\" class=\"more-link\"><span class=\"screen-reader-text\">\u201eE-Planung\u201c <\/span>weiterlesen<\/a><\/p>\n","protected":false},"author":5,"featured_media":0,"parent":0,"menu_order":2,"comment_status":"closed","ping_status":"closed","template":"","meta":{"footnotes":""},"class_list":["post-92","page","type-page","status-publish","hentry"],"_links":{"self":[{"href":"https:\/\/ruf-engineering.at\/index.php?rest_route=\/wp\/v2\/pages\/92","targetHints":{"allow":["GET"]}}],"collection":[{"href":"https:\/\/ruf-engineering.at\/index.php?rest_route=\/wp\/v2\/pages"}],"about":[{"href":"https:\/\/ruf-engineering.at\/index.php?rest_route=\/wp\/v2\/types\/page"}],"author":[{"embeddable":true,"href":"https:\/\/ruf-engineering.at\/index.php?rest_route=\/wp\/v2\/users\/5"}],"replies":[{"embeddable":true,"href":"https:\/\/ruf-engineering.at\/index.php?rest_route=%2Fwp%2Fv2%2Fcomments&post=92"}],"version-history":[{"count":3,"href":"https:\/\/ruf-engineering.at\/index.php?rest_route=\/wp\/v2\/pages\/92\/revisions"}],"predecessor-version":[{"id":128,"href":"https:\/\/ruf-engineering.at\/index.php?rest_route=\/wp\/v2\/pages\/92\/revisions\/128"}],"wp:attachment":[{"href":"https:\/\/ruf-engineering.at\/index.php?rest_route=%2Fwp%2Fv2%2Fmedia&parent=92"}],"curies":[{"name":"wp","href":"https:\/\/api.w.org\/{rel}","templated":true}]}}