{"id":102,"date":"2017-04-07T15:57:46","date_gmt":"2017-04-07T13:57:46","guid":{"rendered":"http:\/\/ruf-engineering.at\/?page_id=102"},"modified":"2018-09-03T20:41:35","modified_gmt":"2018-09-03T18:41:35","slug":"impressum","status":"publish","type":"page","link":"https:\/\/ruf-engineering.at\/?page_id=102","title":{"rendered":"Impressum"},"content":{"rendered":"<p><strong>F\u00fcr den Inhalt verantwortlich:<br \/>\n<\/strong>RuF engineering, Ing. Florian Rumpf<br \/>\nLemsitz 34a<br \/>\n8511 St. Stefan ob Stainz<br \/>\nAUSTRIA<\/p>\n<p>Tel. +43 664 75 04 63 51<br \/>\nE-Mail: office@ruf-engineering.at<\/p>\n<p>Umsatzsteuer ID:\u00a0ATU72068004<\/p>\n<p>&nbsp;<\/p>\n<p><a href=\"https:\/\/www.wkoecg.at\/Web\/Ecg.aspx?FirmaID=bb20ca7e-4493-48e7-ac7e-75674d7b8775\" target=\"_blank\" rel=\"noopener noreferrer\"><img decoding=\"async\" style=\"border: 0px;\" src=\"https:\/\/www.wkoecg.at\/Web\/Library\/img\/ecg.gif\" alt=\"Informationen zu E-Commerce und Mediengesetz\" \/><\/a><\/p>\n<p><strong>Bankverbindung:<\/strong><br \/>\nSteierm\u00e4rkische Sparkasse<br \/>\nIBAN: AT07 2081 5000 4151 6592<br \/>\nBIC: STSPAT2GXXX<\/p>\n<p><strong>Haftungshinweis: \u00a0<\/strong><br \/>\nTrotz sorgf\u00e4ltiger inhaltlicher Kontrolle \u00fcbernehmen wir keine Haftung f\u00fcr die Inhalte externer Links. F\u00fcr den Inhalt der verlinkten Seiten sind ausschlie\u00dflich deren Betreiber verantwortlich.<\/p>\n<p><strong>Allgemeine Gesch\u00e4ftsbedingungen:<\/strong><\/p>\n<p><a href=\"https:\/\/ruf-engineering.at\/wp-content\/uploads\/2017\/04\/AGB_Elektrotechniker_RuF-engineering.pdf\">AGB RuF engineering<\/a><\/p>\n","protected":false},"excerpt":{"rendered":"<p>F\u00fcr den Inhalt verantwortlich: RuF engineering, Ing. Florian Rumpf Lemsitz 34a 8511 St. Stefan ob Stainz AUSTRIA Tel. +43 664 75 04 63 51 E-Mail: office@ruf-engineering.at Umsatzsteuer ID:\u00a0ATU72068004 &nbsp; Bankverbindung: Steierm\u00e4rkische Sparkasse IBAN: AT07 2081 5000 4151 6592 BIC: STSPAT2GXXX Haftungshinweis: \u00a0 Trotz sorgf\u00e4ltiger inhaltlicher Kontrolle \u00fcbernehmen wir keine Haftung f\u00fcr die Inhalte externer Links. &hellip; <\/p>\n<p class=\"link-more\"><a href=\"https:\/\/ruf-engineering.at\/?page_id=102\" class=\"more-link\"><span class=\"screen-reader-text\">\u201eImpressum\u201c <\/span>weiterlesen<\/a><\/p>\n","protected":false},"author":5,"featured_media":0,"parent":0,"menu_order":7,"comment_status":"closed","ping_status":"closed","template":"","meta":{"footnotes":""},"class_list":["post-102","page","type-page","status-publish","hentry"],"_links":{"self":[{"href":"https:\/\/ruf-engineering.at\/index.php?rest_route=\/wp\/v2\/pages\/102","targetHints":{"allow":["GET"]}}],"collection":[{"href":"https:\/\/ruf-engineering.at\/index.php?rest_route=\/wp\/v2\/pages"}],"about":[{"href":"https:\/\/ruf-engineering.at\/index.php?rest_route=\/wp\/v2\/types\/page"}],"author":[{"embeddable":true,"href":"https:\/\/ruf-engineering.at\/index.php?rest_route=\/wp\/v2\/users\/5"}],"replies":[{"embeddable":true,"href":"https:\/\/ruf-engineering.at\/index.php?rest_route=%2Fwp%2Fv2%2Fcomments&post=102"}],"version-history":[{"count":14,"href":"https:\/\/ruf-engineering.at\/index.php?rest_route=\/wp\/v2\/pages\/102\/revisions"}],"predecessor-version":[{"id":147,"href":"https:\/\/ruf-engineering.at\/index.php?rest_route=\/wp\/v2\/pages\/102\/revisions\/147"}],"wp:attachment":[{"href":"https:\/\/ruf-engineering.at\/index.php?rest_route=%2Fwp%2Fv2%2Fmedia&parent=102"}],"curies":[{"name":"wp","href":"https:\/\/api.w.org\/{rel}","templated":true}]}}